{"id":3,"date":"2025-04-10T16:45:42","date_gmt":"2025-04-10T16:45:42","guid":{"rendered":"http:\/\/eversafefinancial.com\/?page_id=3"},"modified":"2025-04-12T00:09:39","modified_gmt":"2025-04-12T00:09:39","slug":"privacy-policy","status":"publish","type":"page","link":"https:\/\/eversafefinancial.com\/es\/privacy-policy\/","title":{"rendered":"Pol\u00edtica de Privacidad"},"content":{"rendered":"<h1 class=\"wp-block-heading has-text-align-center has-text-color has-link-color has-max-huge-font-size wp-elements-0f9e223fb726b2a49b66016b91f6a485\" id=\"privacy-policy\" style=\"color:#8c49b1;margin-top:var(--wp--preset--spacing--50);margin-bottom:var(--wp--preset--spacing--50)\">Pol\u00edtica de Privacidad<\/h1>\n\n\n\n<h2 class=\"wp-block-heading\" id=\"data-controller\">Responsable del tratamiento de datos<\/h2>\n\n\n\n<p style=\"font-style:normal;font-weight:400\"><strong>EVERSAFE FINANCIAL LLC<\/strong> EVER SAFE FINANCIAL es responsable del tratamiento de sus datos personales.<\/p>\n\n\n\n<h2 class=\"wp-block-heading\" id=\"data-we-collect\">Datos que recopilamos<\/h2>\n\n\n\n<ul class=\"wp-block-list\">\n<li><strong>Informaci\u00f3n personal:<\/strong> \n<ul class=\"wp-block-list\">\n<li>Nombre Completo<\/li>\n\n\n\n<li>Numero de Tel\u00e9fono<\/li>\n\n\n\n<li>Direcci\u00f3n de Correo<\/li>\n\n\n\n<li>Cualquier otra informaci\u00f3n que solicitemos a trav\u00e9s de nuestros formularios<\/li>\n<\/ul>\n<\/li>\n\n\n\n<li><strong>Datos t\u00e9cnicos:<\/strong>\n<ul class=\"wp-block-list\">\n<li>Informaci\u00f3n como la direcci\u00f3n IP, el tipo de navegador y las p\u00e1ginas visitadas a trav\u00e9s de cookies o herramientas de an\u00e1lisis, en la medida en que se recopilen autom\u00e1ticamente.<\/li>\n<\/ul>\n<\/li>\n<\/ul>\n\n\n\n<h2 class=\"wp-block-heading\" id=\"purpose-of-the-treatment\">Finalidad del Tratamiento<\/h2>\n\n\n\n<h3 class=\"wp-block-heading has-montserrat-font-family has-medium-font-size\" id=\"we-use-your-data-to\">Utilizamos sus datos para:<\/h3>\n\n\n\n<ul class=\"wp-block-list\">\n<li>Responder a solicitudes de contacto e informaci\u00f3n.<\/li>\n\n\n\n<li>Env\u00edo de comunicaciones comerciales y de marketing (con previa aceptaci\u00f3n expresa).<\/li>\n\n\n\n<li>Mejorar nuestros servicios y personalizar su experiencia en nuestro sitio web, alojado por GoHighLevel.<\/li>\n\n\n\n<li>Gestionar y optimizar el funcionamiento del sitio web.<\/li>\n<\/ul>\n\n\n\n<h3 class=\"wp-block-heading\" id=\"consent-for-sms\">Consentimiento para SMS<\/h3>\n\n\n\n<h4 class=\"wp-block-heading has-small-font-size\" id=\"by-providing-your-phone-number-you-agree-to-receive\">Al proporcionar su n\u00famero de tel\u00e9fono, usted acepta recibir:<\/h4>\n\n\n\n<ul class=\"wp-block-list\">\n<li>Notificaciones, alertas y comunicaciones comerciales v\u00eda SMS.<\/li>\n\n\n\n<li>Tarifas: Pueden aplicarse cargos dependiendo de su operador.<\/li>\n\n\n\n<li>Control: Para darse de baja, env\u00ede un mensaje con la palabra STOP.<\/li>\n<\/ul>\n\n\n\n<h3 class=\"wp-block-heading\" id=\"sharing-data\">Compartir datos<\/h3>\n\n\n\n<ul class=\"wp-block-list\">\n<li>No vendemos ni alquilamos su informaci\u00f3n.<\/li>\n\n\n\n<li>Solo compartimos sus datos con proveedores externos necesarios para nuestras operaciones (por ejemplo, plataformas de marketing por correo electr\u00f3nico o SMS) y con autoridades legales cuando sea necesario.<\/li>\n<\/ul>\n\n\n\n<h3 class=\"wp-block-heading\" id=\"your-rights\">Sus derechos<\/h3>\n\n\n\n<h4 class=\"wp-block-heading has-xsmall-font-size\" id=\"you-have-the-right-to\">Usted tiene derecho a:<\/h4>\n\n\n\n<ul class=\"wp-block-list\">\n<li>Acceder, rectificar o suprimir sus datos personales.<\/li>\n\n\n\n<li>Puede retirar su consentimiento para el tratamiento o env\u00edo de comunicaciones en cualquier momento. Puede presentar reclamaciones ante las autoridades de protecci\u00f3n de datos. Para ejercer estos derechos, cont\u00e1ctenos en: <a href=\"mailto:mary@eversafefinancial.com\">mary@eversafefinancial.com<\/a>.<\/li>\n<\/ul>\n\n\n\n<h4 class=\"wp-block-heading\" id=\"security\">Seguridad<\/h4>\n\n\n\n<p>Implementamos medidas t\u00e9cnicas (SSL, encriptaci\u00f3n) y organizativas para proteger sus datos.<\/p>\n\n\n\n<h5 class=\"wp-block-heading\" id=\"changes-to-this-policy\">Cambios a esta Pol\u00edtica<\/h5>\n\n\n\n<p style=\"padding-top:var(--wp--preset--spacing--50);padding-bottom:var(--wp--preset--spacing--50)\">Esta pol\u00edtica puede actualizarse debido a cambios legales u operativos. Le notificaremos los cambios pertinentes por correo electr\u00f3nico o a trav\u00e9s de un banner en el sitio web.<\/p>","protected":false},"excerpt":{"rendered":"<p>Privacy Policy Data Controller EVERSAFE FINANCIAL LLC is responsible for the processing of your personal data. Data We Collect Purpose of the Treatment We use your data to: Consent for SMS By providing your phone number, you agree to receive: Sharing Data Your Rights You have the right to: Security We implement technical (SSL, encryption) [&hellip;]<\/p>","protected":false},"author":1,"featured_media":0,"parent":0,"menu_order":0,"comment_status":"closed","ping_status":"open","template":"","meta":{"_gspb_post_css":"","footnotes":""},"class_list":["post-3","page","type-page","status-publish","hentry"],"_links":{"self":[{"href":"https:\/\/eversafefinancial.com\/es\/wp-json\/wp\/v2\/pages\/3","targetHints":{"allow":["GET"]}}],"collection":[{"href":"https:\/\/eversafefinancial.com\/es\/wp-json\/wp\/v2\/pages"}],"about":[{"href":"https:\/\/eversafefinancial.com\/es\/wp-json\/wp\/v2\/types\/page"}],"author":[{"embeddable":true,"href":"https:\/\/eversafefinancial.com\/es\/wp-json\/wp\/v2\/users\/1"}],"replies":[{"embeddable":true,"href":"https:\/\/eversafefinancial.com\/es\/wp-json\/wp\/v2\/comments?post=3"}],"version-history":[{"count":1,"href":"https:\/\/eversafefinancial.com\/es\/wp-json\/wp\/v2\/pages\/3\/revisions"}],"predecessor-version":[{"id":53,"href":"https:\/\/eversafefinancial.com\/es\/wp-json\/wp\/v2\/pages\/3\/revisions\/53"}],"wp:attachment":[{"href":"https:\/\/eversafefinancial.com\/es\/wp-json\/wp\/v2\/media?parent=3"}],"curies":[{"name":"wp","href":"https:\/\/api.w.org\/{rel}","templated":true}]}}