{"id":56,"date":"2025-04-12T00:19:57","date_gmt":"2025-04-12T00:19:57","guid":{"rendered":"https:\/\/eversafefinancial.com\/?page_id=56"},"modified":"2025-04-12T00:23:48","modified_gmt":"2025-04-12T00:23:48","slug":"terms-of-service","status":"publish","type":"page","link":"https:\/\/eversafefinancial.com\/es\/terms-of-service\/","title":{"rendered":"T\u00e9rminos de Servicio"},"content":{"rendered":"<h1 class=\"wp-block-heading has-text-align-center has-text-color has-link-color has-max-huge-font-size wp-elements-e6bd408a446d0c9febda299c4069089b\" id=\"terms-of-service\" style=\"color:#8c49b1;padding-top:var(--wp--preset--spacing--50);padding-bottom:var(--wp--preset--spacing--50)\">T\u00e9rminos de Servicio<\/h1>\n\n\n\n<h2 class=\"wp-block-heading\" id=\"acceptance-of-the-terms\">Aceptaci\u00f3n de los T\u00e9rminos<\/h2>\n\n\n\n<p>Al acceder y utilizar este sitio web, usted acepta cumplir con estas Condiciones de Uso. Si no est\u00e1 de acuerdo con alguna parte de ellas, le rogamos que no utilice el sitio.<\/p>\n\n\n\n<h2 class=\"wp-block-heading\" id=\"use-of-the-site\">Uso del Sitio<\/h2>\n\n\n\n<ul class=\"wp-block-list\">\n<li>El usuario se compromete a utilizar el sitio de forma l\u00edcita y de conformidad con la normativa vigente.<\/li>\n\n\n\n<li>Se proh\u00edbe el uso del sitio con fines ilegales o no autorizados.<\/li>\n<\/ul>\n\n\n\n<h2 class=\"wp-block-heading\" id=\"intellectual-property\">Propiedad intelectual<\/h2>\n\n\n\n<ul class=\"wp-block-list\">\n<li>Propiedad intelectual Todo el contenido (texto, im\u00e1genes, logotipos, gr\u00e1ficos, etc.) es propiedad de <strong>EVERSAFE FINANCIAL LLC<\/strong>  o de terceros que hayan autorizado su uso.<\/li>\n\n\n\n<li>No se permite la reproducci\u00f3n, distribuci\u00f3n o modificaci\u00f3n total o parcial del contenido sin autorizaci\u00f3n expresa.<\/li>\n<\/ul>\n\n\n\n<h3 class=\"wp-block-heading\" id=\"limitation-of-liability\">Limitaci\u00f3n de responsabilidad<\/h3>\n\n\n\n<ul class=\"wp-block-list\">\n<li><strong>EVERSAFE FINANCIAL LLC<\/strong> no garantiza la exactitud, integridad o actualidad del contenido del sitio.<\/li>\n\n\n\n<li>No es responsable por la interrupci\u00f3n del servicio ni por da\u00f1os directos o indirectos que pudieran derivarse del uso del sitio.<\/li>\n<\/ul>\n\n\n\n<h3 class=\"wp-block-heading\" id=\"modifications\">Modificaciones<\/h3>\n\n\n\n<ul class=\"wp-block-list\">\n<li>Nos reservamos el derecho de modificar estos t\u00e9rminos en cualquier momento.<\/li>\n\n\n\n<li>Las modificaciones se publicar\u00e1n en el sitio y, si son significativas, se notificar\u00e1 al usuario.<\/li>\n<\/ul>\n\n\n\n<h3 class=\"wp-block-heading\" id=\"data-protection\">Protecci\u00f3n de datos<\/h3>\n\n\n\n<ul class=\"wp-block-list\">\n<li>El tratamiento de los datos personales se regir\u00e1 por nuestra Pol\u00edtica de Privacidad, la cual se incorpora a las presentes Condiciones de Uso.<\/li>\n<\/ul>\n\n\n\n<h4 class=\"wp-block-heading\" id=\"applicable-law-and-jurisdiction\">Ley aplicable y jurisdicci\u00f3n<\/h4>\n\n\n\n<ul class=\"wp-block-list\">\n<li>Estos t\u00e9rminos se rigen por las leyes vigentes en los Estados Unidos.FL.<\/li>\n\n\n\n<li>Para cualquier controversia las partes se someten a la jurisdicci\u00f3n de los tribunales competentes.<\/li>\n<\/ul>\n\n\n\n<p>Implementamos medidas t\u00e9cnicas (SSL, encriptaci\u00f3n) y organizativas para proteger sus datos.<\/p>\n\n\n\n<h5 class=\"wp-block-heading\" id=\"contact\">Contacto<\/h5>\n\n\n\n<p style=\"margin-top:0px;margin-bottom:var(--wp--preset--spacing--50)\">Para consultas o quejas, por favor cont\u00e1ctenos a: <a href=\"mailto:mary@eversafefinancial.com\"><mark style=\"background-color:rgba(0, 0, 0, 0);color:#8c49b1\" class=\"has-inline-color\">mary@eversafefinancial.com<\/mark><\/a>.<\/p>","protected":false},"excerpt":{"rendered":"<p>Terms of Service Acceptance of the Terms By accessing and using this website, you agree to comply with these Terms of Use. If you disagree with any part of it, please do not use the site. Use of the Site Intellectual Property Limitation of Liability Modifications Data Protection Applicable Law and Jurisdiction We implement technical [&hellip;]<\/p>","protected":false},"author":1,"featured_media":0,"parent":0,"menu_order":0,"comment_status":"closed","ping_status":"closed","template":"","meta":{"_gspb_post_css":"","footnotes":""},"class_list":["post-56","page","type-page","status-publish","hentry"],"_links":{"self":[{"href":"https:\/\/eversafefinancial.com\/es\/wp-json\/wp\/v2\/pages\/56","targetHints":{"allow":["GET"]}}],"collection":[{"href":"https:\/\/eversafefinancial.com\/es\/wp-json\/wp\/v2\/pages"}],"about":[{"href":"https:\/\/eversafefinancial.com\/es\/wp-json\/wp\/v2\/types\/page"}],"author":[{"embeddable":true,"href":"https:\/\/eversafefinancial.com\/es\/wp-json\/wp\/v2\/users\/1"}],"replies":[{"embeddable":true,"href":"https:\/\/eversafefinancial.com\/es\/wp-json\/wp\/v2\/comments?post=56"}],"version-history":[{"count":2,"href":"https:\/\/eversafefinancial.com\/es\/wp-json\/wp\/v2\/pages\/56\/revisions"}],"predecessor-version":[{"id":60,"href":"https:\/\/eversafefinancial.com\/es\/wp-json\/wp\/v2\/pages\/56\/revisions\/60"}],"wp:attachment":[{"href":"https:\/\/eversafefinancial.com\/es\/wp-json\/wp\/v2\/media?parent=56"}],"curies":[{"name":"wp","href":"https:\/\/api.w.org\/{rel}","templated":true}]}}